{"id":606,"date":"2025-03-21T19:09:54","date_gmt":"2025-03-21T19:09:54","guid":{"rendered":"https:\/\/cliniquefocale.com\/?page_id=606"},"modified":"2025-07-07T21:58:21","modified_gmt":"2025-07-07T21:58:21","slug":"home","status":"publish","type":"page","link":"https:\/\/cliniquefocale.com\/fr\/","title":{"rendered":"Home"},"content":{"rendered":"<div class=\"wp-block-cover alignfull has-custom-content-position is-position-top-center\" style=\"padding-top:0;padding-right:0;padding-bottom:0;padding-left:0;min-height:590px;aspect-ratio:unset;\"><img loading=\"lazy\" decoding=\"async\" width=\"2560\" height=\"1706\" class=\"wp-block-cover__image-background wp-image-662 size-large\" alt=\"B\u00e2timent de la Clinique Focale de Montr\u00e9al situ\u00e9 \u00e0 Westmount, sp\u00e9cialis\u00e9 en traitements r\u00e9tiniens et soins ophtalmologiques.\" src=\"https:\/\/i0.wp.com\/cliniquefocale.com\/wp-content\/uploads\/2025\/03\/westmount-scaled.webp?fit=1024%2C683&amp;ssl=1\" style=\"object-position:42% 79%\" data-object-fit=\"cover\" data-object-position=\"42% 79%\" srcset=\"https:\/\/i0.wp.com\/cliniquefocale.com\/wp-content\/uploads\/2025\/03\/westmount-scaled.webp?w=2560&amp;ssl=1 2560w, https:\/\/i0.wp.com\/cliniquefocale.com\/wp-content\/uploads\/2025\/03\/westmount-scaled.webp?resize=300%2C200&amp;ssl=1 300w, https:\/\/i0.wp.com\/cliniquefocale.com\/wp-content\/uploads\/2025\/03\/westmount-scaled.webp?resize=1024%2C683&amp;ssl=1 1024w, https:\/\/i0.wp.com\/cliniquefocale.com\/wp-content\/uploads\/2025\/03\/westmount-scaled.webp?resize=768%2C512&amp;ssl=1 768w, https:\/\/i0.wp.com\/cliniquefocale.com\/wp-content\/uploads\/2025\/03\/westmount-scaled.webp?resize=1536%2C1024&amp;ssl=1 1536w, https:\/\/i0.wp.com\/cliniquefocale.com\/wp-content\/uploads\/2025\/03\/westmount-scaled.webp?resize=2048%2C1365&amp;ssl=1 2048w, https:\/\/i0.wp.com\/cliniquefocale.com\/wp-content\/uploads\/2025\/03\/westmount-scaled.webp?resize=18%2C12&amp;ssl=1 18w\" sizes=\"auto, (max-width: 1000px) 100vw, 1000px\" \/><span aria-hidden=\"true\" class=\"wp-block-cover__background has-background-dim\" style=\"background-color:#03031a\"><\/span><div class=\"wp-block-cover__inner-container is-layout-flow wp-block-cover-is-layout-flow\">\n<h1 class=\"wp-block-heading has-white-color has-text-color has-link-color wp-elements-4b7985a16ffd68d7278062cf2fee2ca7\" style=\"margin-top:0;margin-bottom:0;margin-left:var(--wp--preset--spacing--30);padding-top:var(--wp--preset--spacing--40);padding-bottom:0;font-size:65px;font-style:normal;font-weight:500;text-decoration:none\">Clinique Focale - Soins oculaires sp\u00e9cialis\u00e9s \u00e0 Montr\u00e9al<\/h1>\n\n\n\n<h2 class=\"wp-block-heading has-text-align-left has-white-color has-text-color has-link-color wp-elements-17fedf3cd75ed32b0a240f6543c59a5e\" style=\"border-style:none;border-width:0px;margin-top:0;margin-right:300px;margin-bottom:0;margin-left:var(--wp--preset--spacing--30);padding-top:var(--wp--preset--spacing--10);padding-right:300px;padding-bottom:0;padding-left:0;font-size:50px;font-style:normal;font-weight:400\">La r\u00e9f\u00e9rence au Qu\u00e9bec pour les soins de la r\u00e9tine\net la sant\u00e9 oculaire depuis des d\u00e9cennies <\/h2>\n<\/div><\/div>","protected":false},"excerpt":{"rendered":"","protected":false},"author":1,"featured_media":0,"parent":0,"menu_order":0,"comment_status":"closed","ping_status":"closed","template":"","meta":{"nf_dc_page":"","_monsterinsights_skip_tracking":false,"_monsterinsights_sitenote_active":false,"_monsterinsights_sitenote_note":"","_monsterinsights_sitenote_category":0,"footnotes":""},"class_list":["post-606","page","type-page","status-publish","hentry"],"jetpack_sharing_enabled":true,"_links":{"self":[{"href":"https:\/\/cliniquefocale.com\/fr\/wp-json\/wp\/v2\/pages\/606","targetHints":{"allow":["GET"]}}],"collection":[{"href":"https:\/\/cliniquefocale.com\/fr\/wp-json\/wp\/v2\/pages"}],"about":[{"href":"https:\/\/cliniquefocale.com\/fr\/wp-json\/wp\/v2\/types\/page"}],"author":[{"embeddable":true,"href":"https:\/\/cliniquefocale.com\/fr\/wp-json\/wp\/v2\/users\/1"}],"replies":[{"embeddable":true,"href":"https:\/\/cliniquefocale.com\/fr\/wp-json\/wp\/v2\/comments?post=606"}],"version-history":[{"count":2,"href":"https:\/\/cliniquefocale.com\/fr\/wp-json\/wp\/v2\/pages\/606\/revisions"}],"predecessor-version":[{"id":622,"href":"https:\/\/cliniquefocale.com\/fr\/wp-json\/wp\/v2\/pages\/606\/revisions\/622"}],"wp:attachment":[{"href":"https:\/\/cliniquefocale.com\/fr\/wp-json\/wp\/v2\/media?parent=606"}],"curies":[{"name":"wp","href":"https:\/\/api.w.org\/{rel}","templated":true}]}}