{"id":95,"date":"2024-12-15T15:48:57","date_gmt":"2024-12-15T15:48:57","guid":{"rendered":"https:\/\/cliniquefocale.com\/?page_id=95"},"modified":"2025-09-15T00:41:45","modified_gmt":"2025-09-15T00:41:45","slug":"about-us","status":"publish","type":"page","link":"https:\/\/cliniquefocale.com\/fr\/about-us\/","title":{"rendered":"\u00c0 propos de la Clinique Focale"},"content":{"rendered":"<div id=\"Montreal-Retina-Clinic\" class=\"nfd-container nfd-p-md nfd-pb-lg nfd-theme-white nfd-bg-surface is-style-nfd-theme-white wp-block-group is-layout-constrained wp-container-core-group-is-layout-81828466 wp-block-group-is-layout-constrained\">\n<div class=\"wp-block-group is-layout-constrained wp-block-group-is-layout-constrained\">\n<h2 class=\"wp-block-heading has-text-align-center has-custom-color-2-color has-text-color has-link-color has-montserrat-font-family has-huge-font-size wp-elements-498262534b56f787eb56d0cf475bf0ba\" style=\"font-style:normal;font-weight:500\">\u00c0 propos de la Clinique Focale<\/h2>\n\n\n\n<hr class=\"wp-block-separator has-text-color has-custom-color-2-color has-alpha-channel-opacity has-custom-color-2-background-color has-background\" style=\"margin-top:var(--wp--preset--spacing--20);margin-bottom:var(--wp--preset--spacing--20)\"\/>\n<\/div>\n\n\n\n<div class=\"nfd-gap-3xl nfd-gap-y-2xl wp-block-columns is-layout-flex wp-container-core-columns-is-layout-28f84493 wp-block-columns-is-layout-flex\">\n<div class=\"nfd-gap-lg wp-block-column is-layout-flow wp-block-column-is-layout-flow\" style=\"flex-basis:60%\">\n<div class=\"nfd-text-md nfd-gap-lg wp-block-group is-vertical is-content-justification-stretch is-layout-flex wp-container-core-group-is-layout-03ea0e6e wp-block-group-is-layout-flex\">\n<div style=\"height:0px\" aria-hidden=\"true\" class=\"wp-block-spacer wp-container-content-9760934e\"><\/div>\n\n\n\n<h2 class=\"nfd-text-huge nfd-text-balance nfd-text-primary wp-block-heading has-custom-color-2-color has-text-color has-link-color has-open-sans-font-family has-huge-font-size wp-elements-d90a6fc95523a66406f2ffc3bdcd88d6\" style=\"font-style:normal;font-weight:300\">La clinique<\/h2>\n\n\n\n<p class=\"has-montserrat-font-family has-small-font-size\">Depuis plus de 20 ans, l\u2019Institut de la R\u00e9tine de Montr\u00e9al est fier d\u2019offrir des soins avanc\u00e9s en r\u00e9tine au Qu\u00e9bec. Nous sommes heureux d\u2019annoncer notre nouveau partenariat avec la Clinique Focale, une clinique d\u00e9di\u00e9e \u00e0 l\u2019ophtalmologie g\u00e9n\u00e9rale. Gr\u00e2ce \u00e0 cette collaboration, nous proposons d\u00e9sormais des soins complets pour les <a href=\"https:\/\/cliniquefocale.com\/fr\/conditions-treatments\/\" data-type=\"link\" data-id=\"https:\/\/montrealretina.com\/en\/conditions-treatments\/\">maladies r\u00e9tiniennes, le glaucome, les cataractes, les maladies externes et bien plus encore.<\/a><\/p>\n\n\n\n<p class=\"has-montserrat-font-family has-small-font-size\">De plus, nous sommes situ\u00e9s dans une installation ultramoderne \u00e0 Westmount Square, ce qui soutient notre \u00e9quipe croissante de sp\u00e9cialistes des yeux et am\u00e9liore notre capacit\u00e9 \u00e0 fournir des soins exceptionnels. Nous sommes \u00e9galement ravis d\u2019accueillir le chirurgien vitr\u00e9o-r\u00e9tinien, le Dr John Galic, en tant que nouveau directeur m\u00e9dical.<\/p>\n\n\n\n<p class=\"has-montserrat-font-family has-small-font-size\">Nous sommes impatients de continuer notre engagement envers l\u2019excellence dans les soins aux patients et de collaborer \u00e9troitement avec vous dans ce nouveau chapitre.<\/p>\n<\/div>\n<\/div>\n\n\n\n<div class=\"wp-block-column is-content-justification-left is-layout-constrained wp-container-core-column-is-layout-12dd3699 wp-block-column-is-layout-constrained\" style=\"flex-basis:40%\">\n<figure class=\"wp-block-image aligncenter size-large\"><img loading=\"lazy\" decoding=\"async\" width=\"1920\" height=\"1920\" src=\"https:\/\/i0.wp.com\/cliniquefocale.com\/wp-content\/uploads\/2025\/06\/joao-melo-OpWKFHA_yQ-unsplash-2.webp?fit=1024%2C1024&amp;ssl=1\" alt=\"d\u00e9pistage des maladies oculaires.\" class=\"wp-image-671\" style=\"aspect-ratio:1;object-fit:cover\" srcset=\"https:\/\/i0.wp.com\/cliniquefocale.com\/wp-content\/uploads\/2025\/06\/joao-melo-OpWKFHA_yQ-unsplash-2.webp?w=1920&amp;ssl=1 1920w, https:\/\/i0.wp.com\/cliniquefocale.com\/wp-content\/uploads\/2025\/06\/joao-melo-OpWKFHA_yQ-unsplash-2.webp?resize=300%2C300&amp;ssl=1 300w, https:\/\/i0.wp.com\/cliniquefocale.com\/wp-content\/uploads\/2025\/06\/joao-melo-OpWKFHA_yQ-unsplash-2.webp?resize=1024%2C1024&amp;ssl=1 1024w, https:\/\/i0.wp.com\/cliniquefocale.com\/wp-content\/uploads\/2025\/06\/joao-melo-OpWKFHA_yQ-unsplash-2.webp?resize=150%2C150&amp;ssl=1 150w, https:\/\/i0.wp.com\/cliniquefocale.com\/wp-content\/uploads\/2025\/06\/joao-melo-OpWKFHA_yQ-unsplash-2.webp?resize=768%2C768&amp;ssl=1 768w, https:\/\/i0.wp.com\/cliniquefocale.com\/wp-content\/uploads\/2025\/06\/joao-melo-OpWKFHA_yQ-unsplash-2.webp?resize=1536%2C1536&amp;ssl=1 1536w, https:\/\/i0.wp.com\/cliniquefocale.com\/wp-content\/uploads\/2025\/06\/joao-melo-OpWKFHA_yQ-unsplash-2.webp?resize=12%2C12&amp;ssl=1 12w\" sizes=\"auto, (max-width: 1000px) 100vw, 1000px\" \/><\/figure>\n<\/div>\n<\/div>\n<\/div>\n\n\n\n<div id=\"Our-Ophthalmologists\" class=\"nfd-container nfd-p-lg nfd-theme-white nfd-bg-surface is-style-nfd-theme-white wp-block-group has-background is-layout-constrained wp-block-group-is-layout-constrained\" style=\"background:linear-gradient(0deg,rgb(255,255,255) 0%,rgb(243,244,246) 84%)\">\n<div class=\"nfd-gap-lg wp-block-group is-vertical is-content-justification-center is-layout-flex wp-container-core-group-is-layout-fa38c63a wp-block-group-is-layout-flex\">\n<h2 class=\"wp-block-heading nfd-text-huge nfd-text-contrast nfd-text-balance has-text-align-center has-custom-color-2-color has-text-color has-link-color has-open-sans-font-family has-huge-font-size wp-elements-07a1d62d8f13732183e32efc1c20d61d\" style=\"font-style:normal;font-weight:300\">Nos ophtalmologistes<\/h2>\n<\/div>\n\n\n\n<div style=\"height:32px\" aria-hidden=\"true\" class=\"wp-block-spacer\"><\/div>\n\n\n\n<div class=\"nfd-text-base  wp-block-columns is-layout-flex wp-container-core-columns-is-layout-c8ed38b0 wp-block-columns-is-layout-flex\">\n<div class=\"wp-block-column is-vertically-aligned-stretch has-white-background-color has-background is-layout-flow wp-block-column-is-layout-flow\">\n<div class=\"nfd-p-card-square nfd-gap-sm nfd-theme-white nfd-bg-surface is-style-nfd-theme-white wp-block-group is-vertical is-content-justification-left is-layout-flex wp-container-core-group-is-layout-dd225191 wp-block-group-is-layout-flex\" style=\"border-top-left-radius:20px;border-top-right-radius:0px;border-bottom-left-radius:0px;border-bottom-right-radius:0px\">\n<h3 class=\"nfd-text-md nfd-text-contrast wp-block-heading has-text-align-left has-montserrat-font-family\" style=\"font-style:normal;font-weight:500\">John Galic MD<\/h3>\n\n\n\n<p class=\"has-montserrat-font-family\">Sp\u00e9cialiste en r\u00e9tine m\u00e9dicale et chirurgicale<\/p>\n\n\n\n<p class=\"nfd-text-balance nfd-text-faded  has-text-align-left has-montserrat-font-family\">Chirurgien vitr\u00e9o-r\u00e9tinien et de la cataracte<\/p>\n\n\n\n<p class=\"has-montserrat-font-family\">Directeur m\u00e9dical<\/p>\n<\/div>\n<\/div>\n\n\n\n<div class=\"wp-block-column is-vertically-aligned-stretch has-white-background-color has-background is-layout-flow wp-block-column-is-layout-flow\">\n<div class=\"nfd-p-card-square nfd-gap-sm nfd-theme-white nfd-bg-surface is-style-nfd-theme-white wp-block-group is-vertical is-content-justification-left is-layout-flex wp-container-core-group-is-layout-dd225191 wp-block-group-is-layout-flex\">\n<h3 class=\"nfd-text-md nfd-text-contrast wp-block-heading has-text-align-left has-montserrat-font-family\" style=\"font-style:normal;font-weight:500\">John Chen MD<\/h3>\n\n\n\n<p class=\"nfd-text-balance nfd-text-faded  has-text-align-left has-montserrat-font-family\">Sp\u00e9cialiste en r\u00e9tine m\u00e9dicale et chirurgicale<\/p>\n\n\n\n<p class=\"has-montserrat-font-family\">Chirurgien vitr\u00e9o-r\u00e9tinien et de la cataracte<\/p>\n\n\n\n<div style=\"height:28px\" aria-hidden=\"true\" class=\"wp-block-spacer wp-container-content-43ce77df\"><\/div>\n<\/div>\n<\/div>\n\n\n\n<div class=\"wp-block-column is-vertically-aligned-stretch has-white-background-color has-background is-layout-flow wp-block-column-is-layout-flow\">\n<div class=\"nfd-p-card-square nfd-gap-sm nfd-theme-white nfd-bg-surface is-style-nfd-theme-white wp-block-group is-vertical is-content-justification-left is-layout-flex wp-container-core-group-is-layout-dd225191 wp-block-group-is-layout-flex\" style=\"border-top-left-radius:0px;border-top-right-radius:20px;border-bottom-left-radius:0px;border-bottom-right-radius:0px\">\n<h3 class=\"nfd-text-md nfd-text-contrast wp-block-heading has-text-align-left has-montserrat-font-family\" style=\"font-style:normal;font-weight:500\">Natalia Vila MD<\/h3>\n\n\n\n<p class=\"nfd-text-balance nfd-text-faded  has-text-align-left has-montserrat-font-family\">Sp\u00e9cialiste en r\u00e9tine m\u00e9dicale et chirurgicale<\/p>\n\n\n\n<p class=\"has-montserrat-font-family\">Chirurgien vitr\u00e9o-r\u00e9tinien et de la cataracte<\/p>\n\n\n\n<div style=\"height:30px\" aria-hidden=\"true\" class=\"wp-block-spacer wp-container-content-cf2db169\"><\/div>\n<\/div>\n<\/div>\n\n\n\n<div class=\"wp-block-column is-vertically-aligned-stretch has-white-background-color has-background is-layout-flow wp-block-column-is-layout-flow\">\n<div class=\"nfd-p-card-square nfd-gap-sm nfd-theme-white nfd-bg-surface is-style-nfd-theme-white wp-block-group is-vertical is-content-justification-left is-layout-flex wp-container-core-group-is-layout-dd225191 wp-block-group-is-layout-flex\" style=\"border-top-left-radius:0px;border-top-right-radius:20px;border-bottom-left-radius:0px;border-bottom-right-radius:0px\">\n<h3 class=\"nfd-text-md nfd-text-contrast wp-block-heading has-text-align-left has-montserrat-font-family\" style=\"font-style:normal;font-weight:500\">Fatma Zaguia<\/h3>\n\n\n\n<p class=\"nfd-text-balance nfd-text-faded  has-text-align-left has-montserrat-font-family\">Ophtalmologiste g\u00e9n\u00e9rale<\/p>\n\n\n\n<p class=\"has-montserrat-font-family\">Chirurgienne de la cataracte<\/p>\n\n\n\n<div style=\"height:30px\" aria-hidden=\"true\" class=\"wp-block-spacer wp-container-content-cf2db169\"><\/div>\n<\/div>\n<\/div>\n<\/div>\n\n\n\n<div class=\"nfd-text-base  wp-block-columns is-layout-flex wp-container-core-columns-is-layout-c8ed38b0 wp-block-columns-is-layout-flex\">\n<div class=\"wp-block-column is-vertically-aligned-stretch has-white-background-color has-background is-layout-flow wp-block-column-is-layout-flow\">\n<div class=\"nfd-p-card-square nfd-gap-sm nfd-theme-white nfd-bg-surface is-style-nfd-theme-white wp-block-group is-vertical is-content-justification-left is-layout-flex wp-container-core-group-is-layout-dd225191 wp-block-group-is-layout-flex\" style=\"border-top-left-radius:20px;border-top-right-radius:0px;border-bottom-left-radius:0px;border-bottom-right-radius:0px\">\n<h3 class=\"nfd-text-md nfd-text-contrast wp-block-heading has-text-align-left has-montserrat-font-family\" style=\"font-style:normal;font-weight:500\">Sheila Huang MD<\/h3>\n\n\n\n<p class=\"nfd-text-balance nfd-text-faded  has-text-align-left has-montserrat-font-family\">Ophtalmologiste g\u00e9n\u00e9rale<\/p>\n\n\n\n<p class=\"nfd-text-balance nfd-text-faded  has-text-align-left has-montserrat-font-family\">Chirurgienne de la cataracte<\/p>\n<\/div>\n<\/div>\n\n\n\n<div class=\"wp-block-column is-vertically-aligned-stretch has-white-background-color has-background is-layout-flow wp-block-column-is-layout-flow\">\n<div class=\"nfd-p-card-square nfd-gap-sm nfd-theme-white nfd-bg-surface is-style-nfd-theme-white wp-block-group is-vertical is-content-justification-left is-layout-flex wp-container-core-group-is-layout-dd225191 wp-block-group-is-layout-flex\">\n<h3 class=\"nfd-text-md nfd-text-contrast wp-block-heading has-text-align-left has-montserrat-font-family\" style=\"font-style:normal;font-weight:500\">Marilou Caron-Cantin MD<\/h3>\n\n\n\n<p class=\"nfd-text-balance nfd-text-faded  has-text-align-left has-montserrat-font-family\">Ophtalmologiste g\u00e9n\u00e9rale<\/p>\n\n\n\n<p class=\"nfd-text-balance nfd-text-faded  has-text-align-left has-montserrat-font-family\">Chirurgienne de la cataracte<\/p>\n<\/div>\n<\/div>\n\n\n\n<div class=\"wp-block-column is-vertically-aligned-stretch has-white-background-color has-background is-layout-flow wp-block-column-is-layout-flow\">\n<div class=\"nfd-p-card-square nfd-gap-sm nfd-theme-white nfd-bg-surface is-style-nfd-theme-white wp-block-group is-vertical is-content-justification-left is-layout-flex wp-container-core-group-is-layout-dd225191 wp-block-group-is-layout-flex\" style=\"border-top-left-radius:0px;border-top-right-radius:20px;border-bottom-left-radius:0px;border-bottom-right-radius:0px\">\n<h3 class=\"nfd-text-md nfd-text-contrast wp-block-heading has-text-align-left has-montserrat-font-family\" style=\"font-style:normal;font-weight:500\">Ali Hafez MD<\/h3>\n\n\n\n<p class=\"nfd-text-balance nfd-text-faded  has-text-align-left has-montserrat-font-family\">Sp\u00e9cialiste en glaucome<\/p>\n\n\n\n<p class=\"has-montserrat-font-family\">Chirurgien du glaucome et de la cataracte<\/p>\n<\/div>\n<\/div>\n\n\n\n<div class=\"wp-block-column is-vertically-aligned-stretch is-layout-flow wp-block-column-is-layout-flow\"><\/div>\n<\/div>\n<\/div>","protected":false},"excerpt":{"rendered":"<p>About Clinique Focale The Clinic For over 20 years, the Montreal Retina Institute has proudly [&hellip;]<\/p>\n","protected":false},"author":2,"featured_media":0,"parent":0,"menu_order":0,"comment_status":"closed","ping_status":"closed","template":"","meta":{"nf_dc_page":"","_monsterinsights_skip_tracking":false,"_monsterinsights_sitenote_active":false,"_monsterinsights_sitenote_note":"","_monsterinsights_sitenote_category":0,"footnotes":""},"class_list":["post-95","page","type-page","status-publish","hentry"],"jetpack_sharing_enabled":true,"_links":{"self":[{"href":"https:\/\/cliniquefocale.com\/fr\/wp-json\/wp\/v2\/pages\/95","targetHints":{"allow":["GET"]}}],"collection":[{"href":"https:\/\/cliniquefocale.com\/fr\/wp-json\/wp\/v2\/pages"}],"about":[{"href":"https:\/\/cliniquefocale.com\/fr\/wp-json\/wp\/v2\/types\/page"}],"author":[{"embeddable":true,"href":"https:\/\/cliniquefocale.com\/fr\/wp-json\/wp\/v2\/users\/2"}],"replies":[{"embeddable":true,"href":"https:\/\/cliniquefocale.com\/fr\/wp-json\/wp\/v2\/comments?post=95"}],"version-history":[{"count":20,"href":"https:\/\/cliniquefocale.com\/fr\/wp-json\/wp\/v2\/pages\/95\/revisions"}],"predecessor-version":[{"id":730,"href":"https:\/\/cliniquefocale.com\/fr\/wp-json\/wp\/v2\/pages\/95\/revisions\/730"}],"wp:attachment":[{"href":"https:\/\/cliniquefocale.com\/fr\/wp-json\/wp\/v2\/media?parent=95"}],"curies":[{"name":"wp","href":"https:\/\/api.w.org\/{rel}","templated":true}]}}